{"id":1319,"date":"2023-06-08T18:32:11","date_gmt":"2023-06-08T15:32:11","guid":{"rendered":"https:\/\/2023.finncon.org\/taidekuja\/"},"modified":"2023-07-06T16:19:01","modified_gmt":"2023-07-06T13:19:01","slug":"art-corner","status":"publish","type":"page","link":"https:\/\/2023.finncon.org\/en\/art-corner\/","title":{"rendered":"Art Corner"},"content":{"rendered":"<div data-colibri-id=\"1319-c1\" class=\"style-701 style-local-1319-c1 position-relative\">\n  <!---->\n  <div data-colibri-component=\"section\" data-colibri-id=\"1319-c2\" id=\"custom\" class=\"h-section h-section-global-spacing d-flex align-items-lg-center align-items-md-center align-items-center style-702 style-local-1319-c2 position-relative\">\n    <!---->\n    <!---->\n    <div class=\"h-section-grid-container h-section-boxed-container\">\n      <!---->\n      <div data-colibri-id=\"1319-c3\" class=\"h-row-container gutters-row-lg-2 gutters-row-md-2 gutters-row-0 gutters-row-v-lg-2 gutters-row-v-md-2 gutters-row-v-2 style-703 style-local-1319-c3 position-relative\">\n        <!---->\n        <div class=\"h-row justify-content-lg-center justify-content-md-center justify-content-center align-items-lg-stretch align-items-md-stretch align-items-stretch gutters-col-lg-2 gutters-col-md-2 gutters-col-0 gutters-col-v-lg-2 gutters-col-v-md-2 gutters-col-v-2\">\n          <!---->\n          <div class=\"h-column h-column-container d-flex h-col-lg-auto h-col-md-auto h-col-auto style-704-outer style-local-1319-c4-outer\">\n            <div data-colibri-id=\"1319-c4\" class=\"d-flex h-flex-basis h-column__inner h-px-lg-2 h-px-md-2 h-px-2 v-inner-lg-2 v-inner-md-2 v-inner-2 style-704 style-local-1319-c4 position-relative\">\n              <!---->\n              <!---->\n              <div class=\"w-100 h-y-container h-column__content h-column__v-align flex-basis-100 align-self-lg-center align-self-md-center align-self-center\">\n                <!---->\n                <div data-colibri-id=\"1319-c5\" class=\"h-lead h-text h-text-component style-709 style-local-1319-c5 position-relative h-element\">\n                  <!---->\n                  <!---->\n                  <div class=\"\">\n                    <p>The Art Coner is located on floor 0 of the main building and next to the sci-fi flea market.\n                      <br>\n                      <br>The Art Corner will be open during the event hours\n                      <br>&nbsp;<strong>Saturday from 10 AM to 6 PM<\/strong>&nbsp;<strong><br>Sunday from 10 AM to 5 PM<\/strong><\/p>\n                  <\/div>\n                <\/div>\n              <\/div>\n            <\/div>\n          <\/div>\n          <div class=\"h-column h-column-container d-flex h-col-lg-auto h-col-md-auto h-col-auto style-705-outer style-local-1319-c6-outer\">\n            <div data-colibri-id=\"1319-c6\" class=\"d-flex h-flex-basis h-column__inner h-px-lg-2 h-px-md-2 h-px-2 v-inner-lg-2 v-inner-md-2 v-inner-2 style-705 style-local-1319-c6 position-relative\">\n              <!---->\n              <!---->\n              <div class=\"w-100 h-y-container h-column__content h-column__v-align flex-basis-100 align-self-lg-start align-self-md-start align-self-start\">\n                <!---->\n                <div data-colibri-id=\"1319-c7\" class=\"d-block style-710 style-local-1319-c7 position-relative h-element\">\n                  <!---->\n                  <div class=\"h-image__frame-container-outer\">\n                    <div class=\"h-image__frame-container\">\n                      <!---->\n                      <!---->\n                      <img loading=\"lazy\" decoding=\"async\" width=\"1800\" height=\"1200\" src=\"https:\/\/2023.finncon.org\/wp-content\/uploads\/2023\/06\/2400x1200q85.jpg\" class=\"wp-image-1302 style-710-image style-local-1319-c7-image\" alt=\"\" srcset=\"https:\/\/2023.finncon.org\/wp-content\/uploads\/2023\/06\/2400x1200q85.jpg 1800w, https:\/\/2023.finncon.org\/wp-content\/uploads\/2023\/06\/2400x1200q85-300x200.jpg 300w, https:\/\/2023.finncon.org\/wp-content\/uploads\/2023\/06\/2400x1200q85-1024x683.jpg 1024w, https:\/\/2023.finncon.org\/wp-content\/uploads\/2023\/06\/2400x1200q85-768x512.jpg 768w, https:\/\/2023.finncon.org\/wp-content\/uploads\/2023\/06\/2400x1200q85-1536x1024.jpg 1536w, https:\/\/2023.finncon.org\/wp-content\/uploads\/2023\/06\/2400x1200q85-24x16.jpg 24w, https:\/\/2023.finncon.org\/wp-content\/uploads\/2023\/06\/2400x1200q85-36x24.jpg 36w, https:\/\/2023.finncon.org\/wp-content\/uploads\/2023\/06\/2400x1200q85-48x32.jpg 48w\" sizes=\"auto, (max-width: 1800px) 100vw, 1800px\" \/>\n                      <div class=\"h-image__frame h-hide-lg h-hide-md h-hide-sm style-710-frameImage style-local-1319-c7-frameImage\"><\/div>\n                    <\/div>\n                    <div class=\"style-710-caption style-local-1319-c7-caption\">\n                      Kuva: Kyuu Eturautti\n                    <\/div>\n                  <\/div>\n                <\/div>\n              <\/div>\n            <\/div>\n          <\/div>\n        <\/div>\n      <\/div>\n      <div data-colibri-id=\"1319-c20\" class=\"h-row-container gutters-row-lg-2 gutters-row-md-2 gutters-row-0 gutters-row-v-lg-2 gutters-row-v-md-2 gutters-row-v-2 style-1236 style-local-1319-c20 position-relative\">\n        <!---->\n        <div class=\"h-row justify-content-lg-center justify-content-md-center justify-content-center align-items-lg-stretch align-items-md-stretch align-items-stretch gutters-col-lg-2 gutters-col-md-2 gutters-col-0 gutters-col-v-lg-2 gutters-col-v-md-2 gutters-col-v-2\">\n          <!---->\n          <div class=\"h-column h-column-container d-flex h-col-lg-auto h-col-md-auto h-col-auto style-1237-outer style-local-1319-c21-outer\">\n            <div data-colibri-id=\"1319-c21\" class=\"d-flex h-flex-basis h-column__inner h-px-lg-2 h-px-md-2 h-px-2 v-inner-lg-2 v-inner-md-2 v-inner-2 style-1237 style-local-1319-c21 position-relative\">\n              <!---->\n              <!---->\n              <div class=\"w-100 h-y-container h-column__content h-column__v-align flex-basis-100 align-self-lg-start align-self-md-start align-self-start\">\n                <!---->\n                <div data-colibri-id=\"1319-c22\" class=\"h-global-transition-all h-heading style-1235 style-local-1319-c22 position-relative h-element\">\n                  <!---->\n                  <div class=\"h-heading__outer style-1235 style-local-1319-c22\">\n                    <!---->\n                    <!---->\n                    <h2 class=\"\">You can find the following artists in the Art Corner:<\/h2>\n                  <\/div>\n                <\/div>\n              <\/div>\n            <\/div>\n          <\/div>\n        <\/div>\n      <\/div>\n      <div data-colibri-id=\"1319-c8\" class=\"h-row-container gutters-row-lg-2 gutters-row-md-2 gutters-row-0 gutters-row-v-lg-2 gutters-row-v-md-2 gutters-row-v-2 style-706 style-local-1319-c8 position-relative\">\n        <!---->\n        <div class=\"h-row justify-content-lg-center justify-content-md-center justify-content-center align-items-lg-stretch align-items-md-stretch align-items-stretch gutters-col-lg-2 gutters-col-md-2 gutters-col-0 gutters-col-v-lg-2 gutters-col-v-md-2 gutters-col-v-2\">\n          <!---->\n          <div class=\"h-column h-column-container d-flex h-col-lg-auto h-col-md-auto h-col-auto style-707-outer style-local-1319-c9-outer\">\n            <div data-colibri-id=\"1319-c9\" class=\"d-flex h-flex-basis h-column__inner h-px-lg-2 h-px-md-2 h-px-2 v-inner-lg-2 v-inner-md-2 v-inner-2 style-707 style-local-1319-c9 position-relative\">\n              <!---->\n              <!---->\n              <div class=\"w-100 h-y-container h-column__content h-column__v-align flex-basis-100 align-self-lg-start align-self-md-start align-self-start\">\n                <!---->\n                <div data-colibri-id=\"1319-c16\" class=\"h-lead h-text h-text-component style-1232 style-local-1319-c16 position-relative h-element\">\n                  <!---->\n                  <!---->\n                  <div class=\"\">\n                    <p>\n                      <a href=\"https:\/\/www.annikcomics.com\" target=\"_blank\" style=\"color: rgb(0, 102, 204); font-size: 1em; font-weight: 400; font-family: Poppins;\" class=\"customize-unpreviewable\" rel=\"noopener\">Anni K. Comics<\/a>\n                    <\/p>\n                    <p>Anu Kotila &amp; V\u00e4in\u00f6 Heinonen <span style=\"font-weight: 300; font-size: 20px; font-family: Poppins; color: rgb(19, 28, 37);\">(Saturday only)<\/span><\/p>\n                    <p>\n                      <a href=\"https:\/\/auraboo.com\" target=\"_blank\" style=\"color: rgb(0, 102, 204); font-size: 1em; font-weight: 400; font-family: Poppins;\" class=\"customize-unpreviewable\" rel=\"noopener\">Auraboo<\/a>&nbsp;<span style=\"color: rgb(19, 28, 37); font-family: Poppins; font-size: 20px; font-weight: 300;\">(Saturday only)<\/span><\/p>\n                    <p>\n                      <a href=\"https:\/\/www.instagram.com\/_esche_\" target=\"_blank\" style=\"color: rgb(0, 102, 204); font-size: 1em; font-weight: 400; font-family: Poppins;\" class=\"customize-unpreviewable\" rel=\"noopener\">ella<\/a>\n                    <\/p>\n                    <p>\n                      <a href=\"https:\/\/www.instagram.com\/emiliaotus.art\" target=\"_blank\" style=\"color: rgb(0, 102, 204); font-size: 1em; font-weight: 400; font-family: Poppins;\" class=\"customize-unpreviewable\" rel=\"noopener\">emiliaotus<\/a>\n                    <\/p>\n                    <p>\n                      <a href=\"https:\/\/www.tumblr.com\/art3red\" target=\"_blank\" style=\"color: rgb(0, 102, 204); font-size: 1em; font-weight: 400; font-family: Poppins;\" class=\"customize-unpreviewable\" rel=\"noopener\">ered<\/a>\n                    <\/p>\n                    <p>\n                      <a href=\"https:\/\/www.instagram.com\/from_scr4tch\" target=\"_blank\" style=\"color: rgb(0, 102, 204); font-size: 1em; font-weight: 400; font-family: Poppins;\" class=\"customize-unpreviewable\" rel=\"noopener\">from_scr4tch<\/a>&nbsp;&amp;\n                      <a href=\"https:\/\/www.instagram.com\/norapiirsi\" target=\"_blank\" rel=\"noopener\">norapiirsi<\/a>\n                    <\/p>\n                    <p>\n                      <a href=\"https:\/\/nikakiiskila.com\" target=\"_blank\" style=\"color: rgb(0, 102, 204); font-size: 1em; font-weight: 400; font-family: Poppins;\" class=\"customize-unpreviewable\" rel=\"noopener\">Gomis \/ Nika Kiiskil\u00e4<\/a>\n                    <\/p>\n                    <p>\n                      <a href=\"https:\/\/www.instagram.com\/haltijakapala\" target=\"_blank\" style=\"color: rgb(0, 102, 204); font-size: 1em; font-weight: 400; font-family: Poppins;\" class=\"customize-unpreviewable\" rel=\"noopener\">Haltijak\u00e4p\u00e4l\u00e4<\/a>\n                    <\/p>\n                    <p>\n                      <a href=\"https:\/\/www.jennivalikangas.com\" target=\"_blank\" style=\"color: rgb(0, 102, 204); font-size: 1em; font-weight: 400; font-family: Poppins;\" class=\"customize-unpreviewable\" rel=\"noopener\">Jenni V\u00e4likangas<\/a>,&nbsp;\n                      <a href=\"https:\/\/www.reettakallio.com\" target=\"_blank\" style=\"color: rgb(0, 102, 204); font-size: 1em; font-weight: 400; font-family: Poppins;\" class=\"customize-unpreviewable\" rel=\"noopener\">Reetta Kallio<\/a>&nbsp;&amp;&nbsp;\n                      <a href=\"https:\/\/instagram.com\/niai.art\" target=\"_blank\" style=\"color: rgb(0, 102, 204); font-size: 1em; font-weight: 400; font-family: Poppins;\" class=\"customize-unpreviewable\" rel=\"noopener\">Variable<\/a>\n                    <\/p>\n                    <p>\n                      <a href=\"https:\/\/linktr.ee\/jkmiddlehouse\" target=\"_blank\" style=\"color: rgb(0, 102, 204); font-size: 1em; font-weight: 400; font-family: Poppins;\" class=\"customize-unpreviewable\" rel=\"noopener\">jkmiddlehouse<\/a>\n                    <\/p>\n                    <p>\n                      <a href=\"https:\/\/www.instagram.com\/krottikestit\" target=\"_blank\" style=\"color: rgb(0, 102, 204); font-size: 1em; font-weight: 400; font-family: Poppins;\" class=\"customize-unpreviewable\" rel=\"noopener\">Krottikestit<\/a>\n                    <\/p>\n                    <p>\n                      <a href=\"https:\/\/www.instagram.com\/perheenvarsi\" target=\"_blank\" style=\"color: rgb(0, 102, 204); font-size: 1em; font-weight: 400; font-family: Poppins;\" class=\"customize-unpreviewable\" rel=\"noopener\">Kuhis<\/a>&nbsp;&amp;&nbsp;\n                      <a href=\"https:\/\/www.instagram.com\/pirpudesign\" target=\"_blank\" style=\"color: rgb(0, 102, 204); font-size: 1em; font-weight: 400; font-family: Poppins;\" class=\"customize-unpreviewable\" rel=\"noopener\">Pirpu<\/a>\n                    <\/p>\n                  <\/div>\n                <\/div>\n              <\/div>\n            <\/div>\n          <\/div>\n          <div class=\"h-column h-column-container d-flex h-col-lg-auto h-col-md-auto h-col-auto style-1228-outer style-local-1319-c11-outer\">\n            <div data-colibri-id=\"1319-c11\" class=\"d-flex h-flex-basis h-column__inner h-px-lg-2 h-px-md-2 h-px-2 v-inner-lg-2 v-inner-md-2 v-inner-2 style-1228 style-local-1319-c11 position-relative\">\n              <!---->\n              <!---->\n              <div class=\"w-100 h-y-container h-column__content h-column__v-align flex-basis-100 align-self-lg-start align-self-md-start align-self-start\">\n                <!---->\n                <div data-colibri-id=\"1319-c15\" class=\"h-lead h-text h-text-component style-1231 style-local-1319-c15 position-relative h-element\">\n                  <!---->\n                  <!---->\n                  <div class=\"\">\n                    <p>\n                      <a href=\"https:\/\/www.instagram.com\/leorppa?hl=fi\" target=\"_blank\" style=\"color: rgb(0, 102, 204); font-size: 1em; font-weight: 400; font-family: Poppins;\" class=\"customize-unpreviewable\" rel=\"noopener\">Leorppa<\/a>\n                    <\/p>\n                    <p>Lonkku<\/p>\n                    <p>\n                      <a href=\"https:\/\/www.instagram.com\/miilok_art\" target=\"_blank\" style=\"color: rgb(0, 102, 204); font-size: 1em; font-weight: 400; font-family: Poppins;\" class=\"customize-unpreviewable\" rel=\"noopener\">miilok<\/a>\n                      <br>\n                    <\/p>\n                    <p>\n                      <a href=\"https:\/\/www.instagram.com\/naen.sut\" style=\"color: rgb(0, 102, 204); font-size: 1em; font-weight: 400; font-family: Poppins;\" class=\"customize-unpreviewable\">Naensut<\/a>&nbsp;<span style=\"font-weight: 300; font-size: 20px; font-family: Poppins; color: rgb(19, 28, 37);\">(Sunday only)<\/span><\/p>\n                    <p>\n                      <a href=\"https:\/\/nellamo.carrd.co\" target=\"_blank\" style=\"color: rgb(0, 102, 204); font-size: 1em; font-weight: 400; font-family: Poppins;\" class=\"customize-unpreviewable\" rel=\"noopener\">Nellamo<\/a>\n                    <\/p>\n                    <p>\n                      <a href=\"https:\/\/www.nellikilu.com\" target=\"_blank\" style=\"color: rgb(0, 102, 204); font-size: 1em; font-weight: 400; font-family: Poppins;\" class=\"customize-unpreviewable\" rel=\"noopener\">Nli<\/a>&nbsp;&amp;&nbsp;\n                      <a href=\"https:\/\/www.instagram.com\/sazzerzer\" target=\"_blank\" style=\"color: rgb(0, 102, 204); font-size: 1em; font-weight: 400; font-family: Poppins;\" class=\"customize-unpreviewable\" rel=\"noopener\">Sazzer<\/a>\n                    <\/p>\n                    <p>\n                      <a href=\"http:\/\/www.facebook.com\/parasolla\" target=\"_blank\" style=\"color: rgb(0, 102, 204); font-size: 1em; font-weight: 400; font-family: Poppins;\" class=\"customize-unpreviewable\" rel=\"noopener\">Parasolla Crafts<\/a>\n                    <\/p>\n                    <p>\n                      <a href=\"https:\/\/www.instagram.com\/sarasoo.arts\" target=\"_blank\" style=\"color: rgb(0, 102, 204); font-size: 1em; font-weight: 400; font-family: Poppins;\" class=\"customize-unpreviewable\" rel=\"noopener\">Sara&nbsp;ja Vilja<\/a>&nbsp;&amp;&nbsp;\n                      <a href=\"https:\/\/www.instagram.com\/sateenkaarisammakk0\" target=\"_blank\" style=\"color: rgb(0, 102, 204); font-size: 1em; font-weight: 400; font-family: Poppins;\" class=\"customize-unpreviewable\" rel=\"noopener\">Sateenkaari sammakko<\/a>&nbsp;<span style=\"font-weight: 300; font-size: 20px; font-family: Poppins; color: rgb(19, 28, 37);\">(Sunday only)<\/span><\/p>\n                    <p>\n                      <a href=\"https:\/\/www.instagram.com\/samirai.art\" target=\"_blank\" style=\"color: rgb(0, 102, 204); font-size: 1em; font-weight: 400; font-family: Poppins;\" class=\"customize-unpreviewable\" rel=\"noopener\">Sami Rouhiainen<\/a>\n                    <\/p>\n                    <p>\n                      <a href=\"https:\/\/linktr.ee\/sotavalta\" target=\"_blank\" style=\"color: rgb(0, 102, 204); font-size: 1em; font-weight: 400; font-family: Poppins;\" class=\"customize-unpreviewable\" rel=\"noopener\">Sotavalta<\/a>&nbsp;&amp;&nbsp;\n                      <a href=\"https:\/\/www.instagram.com\/vihtoori\" target=\"_blank\" style=\"color: rgb(0, 102, 204); font-size: 1em; font-weight: 400; font-family: Poppins;\" class=\"customize-unpreviewable\" rel=\"noopener\">Vihtoori<\/a>\n                      <br>\n                    <\/p>\n                    <p>\n                      <a href=\"https:\/\/www.instagram.com\/surpriseimbored\" target=\"_blank\" style=\"color: rgb(0, 102, 204); font-size: 1em; font-weight: 400; font-family: Poppins;\" class=\"customize-unpreviewable\" rel=\"noopener\">SurpriseImBored<\/a>&nbsp;&amp;&nbsp;\n                      <a href=\"https:\/\/www.instagram.com\/procyone\" target=\"_blank\" style=\"color: rgb(0, 102, 204); font-size: 1em; font-weight: 400; font-family: Poppins;\" class=\"customize-unpreviewable\" rel=\"noopener\">Procyone<\/a>\n                    <\/p>\n                    <p>\n                      <a href=\"http:\/\/instagram.com\/sumuviktoria\" target=\"_blank\" style=\"color: rgb(0, 102, 204); font-size: 1em; font-weight: 400; font-family: Poppins;\" class=\"customize-unpreviewable\" rel=\"noopener\">Sumu Viktoria<\/a>&nbsp;<span style=\"font-weight: 300; font-size: 20px; font-family: Poppins; color: rgb(19, 28, 37);\">(Saturday only)<\/span><\/p>\n                    <p>\n                      <a href=\"https:\/\/www.deviantart.com\/sysirauta\" target=\"_blank\" style=\"color: rgb(0, 102, 204); font-size: 1em; font-weight: 400; font-family: Poppins;\" class=\"customize-unpreviewable\" rel=\"noopener\">Sysirauta<\/a>\n                    <\/p>\n                    <p>\n                      <a href=\"http:\/\/www.aistiharha.com\" target=\"_blank\" style=\"color: rgb(0, 102, 204); font-size: 1em; font-weight: 400; font-family: Poppins;\" class=\"customize-unpreviewable\" rel=\"noopener\">Tiia Salmelin<\/a>\n                    <\/p>\n                    <p>\n                      <br>\n                    <\/p>\n                  <\/div>\n                <\/div>\n              <\/div>\n            <\/div>\n          <\/div>\n        <\/div>\n      <\/div>\n    <\/div>\n  <\/div>\n<\/div>","protected":false},"excerpt":{"rendered":"<p>The Art Coner is located on floor 0 of the main building and next to the sci-fi flea market. The Art Corner will be open during the event hours &nbsp;Saturday from 10 AM to 6 PM&nbsp;Sunday from 10 AM to 5 PM Kuva: Kyuu Eturautti You can find the following artists in the Art Corner: [&hellip;]<\/p>\n","protected":false},"author":2,"featured_media":0,"parent":0,"menu_order":0,"comment_status":"closed","ping_status":"closed","template":"page-templates\/full-width-page.php","meta":{"footnotes":""},"class_list":["post-1319","page","type-page","status-publish","hentry"],"aioseo_notices":[],"_links":{"self":[{"href":"https:\/\/2023.finncon.org\/en\/wp-json\/wp\/v2\/pages\/1319","targetHints":{"allow":["GET"]}}],"collection":[{"href":"https:\/\/2023.finncon.org\/en\/wp-json\/wp\/v2\/pages"}],"about":[{"href":"https:\/\/2023.finncon.org\/en\/wp-json\/wp\/v2\/types\/page"}],"author":[{"embeddable":true,"href":"https:\/\/2023.finncon.org\/en\/wp-json\/wp\/v2\/users\/2"}],"replies":[{"embeddable":true,"href":"https:\/\/2023.finncon.org\/en\/wp-json\/wp\/v2\/comments?post=1319"}],"version-history":[{"count":5,"href":"https:\/\/2023.finncon.org\/en\/wp-json\/wp\/v2\/pages\/1319\/revisions"}],"predecessor-version":[{"id":2610,"href":"https:\/\/2023.finncon.org\/en\/wp-json\/wp\/v2\/pages\/1319\/revisions\/2610"}],"wp:attachment":[{"href":"https:\/\/2023.finncon.org\/en\/wp-json\/wp\/v2\/media?parent=1319"}],"curies":[{"name":"wp","href":"https:\/\/api.w.org\/{rel}","templated":true}]}}